{"id":101,"date":"2014-06-17T21:33:53","date_gmt":"2014-06-17T19:33:53","guid":{"rendered":"https:\/\/konair.aero\/?page_id=101"},"modified":"2016-05-02T07:26:11","modified_gmt":"2016-05-02T05:26:11","slug":"alpeneinweisung","status":"publish","type":"page","link":"https:\/\/konair.aero\/?page_id=101","title":{"rendered":"Alpeneinweisung"},"content":{"rendered":"<p>\nZu den sch\u00f6nsten Eindr\u00fccken einer fliegerischen Laufbahn z\u00e4hlt sicher der Flug durch das Hochgebirge, in unserem Fall die Alpen.\n<\/p>\n<p>\nMerkspr\u00fcche wie &#8222;im Winter sind die Berge h\u00f6her&#8220; kommen nicht von ungef\u00e4hr, erfordert die Gebirgsfliegerei doch ganz spezifisches K\u00f6nnen. Dieses erlangt ein interessierter Pilot mittels einer Alpeneinweisung durch einen gebirgserfahrenen Ausbilder.\n<\/p>\n<div id=\"envira-gallery-wrap-101\" class=\"envira-gallery-wrap envira-gallery-theme-base envira-lightbox-theme-base\" itemscope itemtype=\"https:\/\/schema.org\/ImageGallery\"><div data-row-height=\"\" data-gallery-theme=\"\" id=\"envira-gallery-101\" class=\"envira-gallery-public  envira-gallery-2-columns envira-clear enviratope envira-gallery-css-animations\" data-envira-columns=\"2\"><div id=\"envira-gallery-item-79\" class=\"envira-gallery-item enviratope-item envira-gallery-item-1\" style=\"padding-left: 5px; padding-bottom: 10px; padding-right: 5px;\"  itemscope itemtype=\"https:\/\/schema.org\/ImageObject\"><div class=\"envira-gallery-item-inner\"><div class=\"envira-gallery-position-overlay  envira-gallery-top-left\"><\/div><div class=\"envira-gallery-position-overlay  envira-gallery-top-right\"><\/div><div class=\"envira-gallery-position-overlay  envira-gallery-bottom-left\"><\/div><div class=\"envira-gallery-position-overlay  envira-gallery-bottom-right\"><\/div><a href=\"https:\/\/konair.aero\/wp-content\/uploads\/2014\/06\/alpensee.jpg\" class=\"envira-gallery-101 envira-gallery-link\" rel=\"enviragallery101\" title=\"Alpensee\" data-envira-caption=\"Alpensee\" data-envira-retina=\"\" data-thumbnail=\"\"  itemprop=\"contentUrl\"><div class=\"envira-lazy\" data-test-width=\"960\" data-test-height=\"300\" style=\"padding-bottom:31.25%;\"><img decoding=\"async\" id=\"envira-gallery-image-79\" class=\"envira-gallery-image envira-gallery-image-1\" data-envira-index=\"1\" src=\"https:\/\/konair.aero\/wp-content\/uploads\/2014\/06\/alpensee-960x300.jpg\" data-envira-src=\"https:\/\/konair.aero\/wp-content\/uploads\/2014\/06\/alpensee-960x300.jpg\" data-envira-gallery-id=\"101\" data-envira-item-id=\"79\" data-envira-caption=\"Alpensee\" alt=\"\" title=\"Alpensee\"  itemprop=\"thumbnailUrl\" data-envira-srcset=\"https:\/\/konair.aero\/wp-content\/uploads\/2014\/06\/alpensee-960x300.jpg 400w,https:\/\/konair.aero\/wp-content\/uploads\/2014\/06\/alpensee-960x300.jpg 2x\" srcset=\"data:image\/gif;base64,R0lGODlhAQABAIAAAP\/\/\/\/\/\/\/yH5BAEKAAEALAAAAAABAAEAAAICTAEAOw==\" \/><\/div><\/a><\/div><\/div><div id=\"envira-gallery-item-83\" class=\"envira-gallery-item enviratope-item envira-gallery-item-2\" style=\"padding-left: 5px; padding-bottom: 10px; padding-right: 5px;\"  itemscope itemtype=\"https:\/\/schema.org\/ImageObject\"><div class=\"envira-gallery-item-inner\"><div class=\"envira-gallery-position-overlay  envira-gallery-top-left\"><\/div><div class=\"envira-gallery-position-overlay  envira-gallery-top-right\"><\/div><div class=\"envira-gallery-position-overlay  envira-gallery-bottom-left\"><\/div><div class=\"envira-gallery-position-overlay  envira-gallery-bottom-right\"><\/div><a href=\"https:\/\/konair.aero\/wp-content\/uploads\/2014\/06\/monte-rosa.jpg\" class=\"envira-gallery-101 envira-gallery-link\" rel=\"enviragallery101\" title=\"Monte-Rosa\" data-envira-caption=\"Monte-Rosa\" data-envira-retina=\"\" data-thumbnail=\"\"  itemprop=\"contentUrl\"><div class=\"envira-lazy\" data-test-width=\"960\" data-test-height=\"300\" style=\"padding-bottom:31.25%;\"><img decoding=\"async\" id=\"envira-gallery-image-83\" class=\"envira-gallery-image envira-gallery-image-2\" data-envira-index=\"2\" src=\"https:\/\/konair.aero\/wp-content\/uploads\/2014\/06\/monte-rosa-960x300.jpg\" data-envira-src=\"https:\/\/konair.aero\/wp-content\/uploads\/2014\/06\/monte-rosa-960x300.jpg\" data-envira-gallery-id=\"101\" data-envira-item-id=\"83\" data-envira-caption=\"Monte-Rosa\" alt=\"\" title=\"Monte-Rosa\"  itemprop=\"thumbnailUrl\" data-envira-srcset=\"https:\/\/konair.aero\/wp-content\/uploads\/2014\/06\/monte-rosa-960x300.jpg 400w,https:\/\/konair.aero\/wp-content\/uploads\/2014\/06\/monte-rosa-960x300.jpg 2x\" srcset=\"data:image\/gif;base64,R0lGODlhAQABAIAAAP\/\/\/\/\/\/\/yH5BAEKAAEALAAAAAABAAEAAAICTAEAOw==\" \/><\/div><\/a><\/div><\/div><div id=\"envira-gallery-item-81\" class=\"envira-gallery-item enviratope-item envira-gallery-item-3\" style=\"padding-left: 5px; padding-bottom: 10px; padding-right: 5px;\"  itemscope itemtype=\"https:\/\/schema.org\/ImageObject\"><div class=\"envira-gallery-item-inner\"><div class=\"envira-gallery-position-overlay  envira-gallery-top-left\"><\/div><div class=\"envira-gallery-position-overlay  envira-gallery-top-right\"><\/div><div class=\"envira-gallery-position-overlay  envira-gallery-bottom-left\"><\/div><div class=\"envira-gallery-position-overlay  envira-gallery-bottom-right\"><\/div><a href=\"https:\/\/konair.aero\/wp-content\/uploads\/2014\/06\/gletscher.jpg\" class=\"envira-gallery-101 envira-gallery-link\" rel=\"enviragallery101\" title=\"Gletscher\" data-envira-caption=\"Gletscher\" data-envira-retina=\"\" data-thumbnail=\"\"  itemprop=\"contentUrl\"><div class=\"envira-lazy\" data-test-width=\"960\" data-test-height=\"300\" style=\"padding-bottom:31.25%;\"><img decoding=\"async\" id=\"envira-gallery-image-81\" class=\"envira-gallery-image envira-gallery-image-3\" data-envira-index=\"3\" src=\"https:\/\/konair.aero\/wp-content\/uploads\/2014\/06\/gletscher-960x300.jpg\" data-envira-src=\"https:\/\/konair.aero\/wp-content\/uploads\/2014\/06\/gletscher-960x300.jpg\" data-envira-gallery-id=\"101\" data-envira-item-id=\"81\" data-envira-caption=\"Gletscher\" alt=\"\" title=\"Gletscher\"  itemprop=\"thumbnailUrl\" data-envira-srcset=\"https:\/\/konair.aero\/wp-content\/uploads\/2014\/06\/gletscher-960x300.jpg 400w,https:\/\/konair.aero\/wp-content\/uploads\/2014\/06\/gletscher-960x300.jpg 2x\" srcset=\"data:image\/gif;base64,R0lGODlhAQABAIAAAP\/\/\/\/\/\/\/yH5BAEKAAEALAAAAAABAAEAAAICTAEAOw==\" \/><\/div><\/a><\/div><\/div><\/div><\/div><noscript><img decoding=\"async\" src=\"https:\/\/konair.aero\/wp-content\/uploads\/2014\/06\/alpensee.jpg\" alt=\"\" \/><img decoding=\"async\" src=\"https:\/\/konair.aero\/wp-content\/uploads\/2014\/06\/monte-rosa.jpg\" alt=\"\" \/><img decoding=\"async\" src=\"https:\/\/konair.aero\/wp-content\/uploads\/2014\/06\/gletscher.jpg\" alt=\"\" \/><\/noscript>\n<p>\nW\u00e4hrend der Einweisung (die bei KONAIR gerne <strong>auch in Ihrem eigenen Flugzeug<\/strong> erfolgen kann) werden im Besonderen Talnaviagtion, Gefahrensituationen, Umkehrkurven, das Anfliegen und \u00dcberqueren von Gebirgsp\u00e4ssen, Verhalten in engen T\u00e4lern und Auf-\/Abwindfeldern sowie taktisches Verhalten in unterschiedlichen Wetterlagen geschult.\n<\/p>\n<p>\nDurch die alpennahe Lage des Ausgangsflugplatzes Konstanz (EDTZ) stehen Ihnen f\u00fcr die Gebirgseinweisung diverse Routen zur Verf\u00fcgung, welche in relativ kurzen Flugzeiten erreichbar sind.\n<\/p>\n<p>\nUnser motiviertes Personal ber\u00e4t Sie gerne bei der Auswahl einer geeigneten Route und vermittelt Ihnen bereits in der ausf\u00fchrlichen Flugvorbereitung, wie sie im Gebirgsflug gef\u00e4hrliche Situationen vermeiden k\u00f6nnen.\n<\/p>\n<p>\nDer Besuch von hochgelegenen Pl\u00e4tzen w\u00e4hrend des Fluges (wie z.B. Samedan in 5.600 ft MSL) kann ein weiterer H\u00f6hepunkt im Erfahrungsschatz Ihrer Fliegerkarriere werden. Abfl\u00fcge in engen T\u00e4lern bei schwacher Steigleistung mit geringem H\u00f6hengewinn sind f\u00fcr die meisten Piloten ungewohnt und werden in unseren Einweisungen routiniert vermittelt.\n<\/p>\n<p>\nProfitieren auch Sie von den den Erfahrungen und Eindr\u00fccken eines unvergesslichen Tages, Ihr fliegerisches Repertoire wird es Ihnen danken! <a href=\"https:\/\/konair.aero\/alpeneinweisung\/\" title=\"Alpeneinweisung\">Kontaktieren Sie uns<\/a> f\u00fcr weitere unverbindliche Informationen zu Alpeneinweisungen, Verf\u00fcgbarkeiten und Kosten.<br \/>\nAktuelle Impressionen aus der Alpenfliegerei finden Sie ausser dem auf <a href=\"https:\/\/www.facebook.com\/konair.bodensee\" onClick=\"_gaq.push(['_trackEvent', 'Social', 'Facebook', 'Reference']);\" target=\"_blank\">unserer Facebook-Seite<\/a>.<\/p>\n","protected":false},"excerpt":{"rendered":"<p>Zu den sch\u00f6nsten Eindr\u00fccken einer fliegerischen Laufbahn z\u00e4hlt sicher der Flug durch das Hochgebirge, in unserem Fall die Alpen. Merkspr\u00fcche wie &#8222;im Winter sind die Berge h\u00f6her&#8220; kommen nicht von ungef\u00e4hr, erfordert die Gebirgsfliegerei doch ganz spezifisches K\u00f6nnen. Dieses erlangt ein interessierter Pilot mittels einer Alpeneinweisung durch einen gebirgserfahrenen Ausbilder. W\u00e4hrend der Einweisung (die bei [&hellip;]<\/p>\n","protected":false},"author":1,"featured_media":0,"parent":0,"menu_order":0,"comment_status":"closed","ping_status":"closed","template":"","meta":{"_monsterinsights_skip_tracking":false,"_monsterinsights_sitenote_active":false,"_monsterinsights_sitenote_note":"","_monsterinsights_sitenote_category":0,"footnotes":""},"class_list":["post-101","page","type-page","status-publish","hentry"],"_links":{"self":[{"href":"https:\/\/konair.aero\/index.php?rest_route=\/wp\/v2\/pages\/101","targetHints":{"allow":["GET"]}}],"collection":[{"href":"https:\/\/konair.aero\/index.php?rest_route=\/wp\/v2\/pages"}],"about":[{"href":"https:\/\/konair.aero\/index.php?rest_route=\/wp\/v2\/types\/page"}],"author":[{"embeddable":true,"href":"https:\/\/konair.aero\/index.php?rest_route=\/wp\/v2\/users\/1"}],"replies":[{"embeddable":true,"href":"https:\/\/konair.aero\/index.php?rest_route=%2Fwp%2Fv2%2Fcomments&post=101"}],"version-history":[{"count":7,"href":"https:\/\/konair.aero\/index.php?rest_route=\/wp\/v2\/pages\/101\/revisions"}],"predecessor-version":[{"id":421,"href":"https:\/\/konair.aero\/index.php?rest_route=\/wp\/v2\/pages\/101\/revisions\/421"}],"wp:attachment":[{"href":"https:\/\/konair.aero\/index.php?rest_route=%2Fwp%2Fv2%2Fmedia&parent=101"}],"curies":[{"name":"wp","href":"https:\/\/api.w.org\/{rel}","templated":true}]}}