{"id":105,"date":"2014-06-17T21:37:35","date_gmt":"2014-06-17T19:37:35","guid":{"rendered":"https:\/\/konair.aero\/?page_id=105"},"modified":"2019-02-27T11:35:01","modified_gmt":"2019-02-27T10:35:01","slug":"kunstflug","status":"publish","type":"page","link":"https:\/\/konair.aero\/?page_id=105","title":{"rendered":"Kunstflugausbildung \/ Safety Training"},"content":{"rendered":"<p><img loading=\"lazy\" decoding=\"async\" src=\"https:\/\/konair.aero\/wp-content\/uploads\/2017\/08\/buecker.jpg\" alt=\"Kunstflugausbildung auf B\u00fccker\" width=\"800\" height=\"536\" class=\"aligncenter size-full wp-image-620\"><\/p>\n<h2>Kunstflugausbildung<\/h2>\n<p>W\u00e4hrend der Ausbildung lernt der Pilot die aerodynamischen M\u00f6glichkeiten und Grenzen eines Flugzeugs sehr genau kennen. Ungew\u00f6hnliche Fluglagen werden freiwillig ein- und ausgeleitet, Grenzsituationen sowie Figuren gezielt trainiert. So ist es beispielsweise ein enormer Zugewinn an Sicherheit, wenn der Pilot ein Flugzeug schnell und ohne Probleme wieder aus dem Trudeln ausleiten oder einen sauberen Turn fliegen kann. Nebenbei kann Kunstflug nat\u00fcrlich auch jede Menge Spass machen!<\/p>\n<h2>Safety Training<\/h2>\n<p>Um die Grenzbereiche des Fliegens kennenzulernen, empfehlen wir Ihnen ein Safety Training, welches Langsamflug aber auch Kunstflugman\u00f6ver einschliessen kann. Das Training kann bei KONAIR gerne <strong>auch in Ihrem eigenen Flugzeug<\/strong> erfolgen. F\u00fcr ein Safety Training sind keine spezifischen Voraussetzungen erforderlich.<\/p>\n<h3>Voraussetzungen f\u00fcr die Kunstflugausbildung<\/h3>\n<table class=\"table table-bordered\">\n<tbody>\n<tr>\n<th>Lizenzen und Erfahrung<\/th>\n<td>\n<ul>\n<li>G\u00fcltige PPL(A) bzw. PPL(N) mit Klassenberechtigung bis 2000 kg<\/li>\n<li>Mindestens 50 Flugstunden als verantwortlicher Pilot<\/li>\n<\/ul>\n<\/td>\n<\/tr>\n<tr>\n<th>Medizinische Voruntersuchung<\/th>\n<td>\n<ul>\n<li>Flieger\u00e4rztliches Tauglichkeitszeugnis\/Medical der Klasse 2 analog PPL(A)<\/li>\n<\/ul>\n<\/td>\n<\/tr>\n<tr>\n<th>Mindestausbildung<\/th>\n<td>\n<ul>\n<li>5 Stunden<\/li>\n<li>Praktische Pr\u00fcfung<\/li>\n<\/ul>\n<\/td>\n<\/tr>\n<\/tbody>\n<\/table>\n<h3>Ausbildung<\/h3>\n<p>Die Kunstflugausbildung umfasst die theoretische Einweisung in das Ausbildungs-Kunstflugprogramm sowie in die Steuertechnik der einzelnen Kunstflugfiguren, eine Einweisung in das Kunstflugzeug und die fliegerisch-praktische \u00dcbung. Eine Pr\u00fcfung erfolgt nach abgeschlossener Ausbildung. Bei dieser muss das Ausbildungsprogramm einmal links und einmal rechts durchflogen werden. Dieses besteht aus den Figuren Looping, Rolle, Turn, Trudeln, Aufschwung und Abschwung.<\/p>\n<h2>Ihr Einstieg<\/h2>\n<p><strong>Ein Einstieg in die Kunstflugausbildung ist bei KONAIR jederzeit m\u00f6glich.<\/strong><br \/>\nF\u00fcr ein erstes Kennenlernen und die Kl\u00e4rung Ihrer offenen Fragen empfehlen wir die Teilnahme an einem unserer regelm\u00e4ssigen Infoabende oder ein individuelles Fachgespr\u00e4ch mit unseren Fluglehrern.<\/p>\n<p>Sollten Sie nur einen begrenzten Zeitrahmen f\u00fcr Ihre Kunstflugausbildung zur Verf\u00fcgung haben, so informieren wir Sie gerne \u00fcber einen <strong>individuellen Intensivkurs<\/strong>. <a title=\"Kontakt\" href=\"https:\/\/konair.aero\/kontakt\/\">Kontaktieren Sie uns<\/a> f\u00fcr einen unverbindlichen Besprechungstermin.<\/p>\n","protected":false},"excerpt":{"rendered":"<p>Kunstflugausbildung W\u00e4hrend der Ausbildung lernt der Pilot die aerodynamischen M\u00f6glichkeiten und Grenzen eines Flugzeugs sehr genau kennen. Ungew\u00f6hnliche Fluglagen werden freiwillig ein- und ausgeleitet, Grenzsituationen sowie Figuren gezielt trainiert. So ist es beispielsweise ein enormer Zugewinn an Sicherheit, wenn der Pilot ein Flugzeug schnell und ohne Probleme wieder aus dem Trudeln ausleiten oder einen sauberen [&hellip;]<\/p>\n","protected":false},"author":1,"featured_media":0,"parent":0,"menu_order":0,"comment_status":"closed","ping_status":"closed","template":"","meta":{"_monsterinsights_skip_tracking":false,"_monsterinsights_sitenote_active":false,"_monsterinsights_sitenote_note":"","_monsterinsights_sitenote_category":0,"footnotes":""},"class_list":["post-105","page","type-page","status-publish","hentry"],"_links":{"self":[{"href":"https:\/\/konair.aero\/index.php?rest_route=\/wp\/v2\/pages\/105","targetHints":{"allow":["GET"]}}],"collection":[{"href":"https:\/\/konair.aero\/index.php?rest_route=\/wp\/v2\/pages"}],"about":[{"href":"https:\/\/konair.aero\/index.php?rest_route=\/wp\/v2\/types\/page"}],"author":[{"embeddable":true,"href":"https:\/\/konair.aero\/index.php?rest_route=\/wp\/v2\/users\/1"}],"replies":[{"embeddable":true,"href":"https:\/\/konair.aero\/index.php?rest_route=%2Fwp%2Fv2%2Fcomments&post=105"}],"version-history":[{"count":4,"href":"https:\/\/konair.aero\/index.php?rest_route=\/wp\/v2\/pages\/105\/revisions"}],"predecessor-version":[{"id":717,"href":"https:\/\/konair.aero\/index.php?rest_route=\/wp\/v2\/pages\/105\/revisions\/717"}],"wp:attachment":[{"href":"https:\/\/konair.aero\/index.php?rest_route=%2Fwp%2Fv2%2Fmedia&parent=105"}],"curies":[{"name":"wp","href":"https:\/\/api.w.org\/{rel}","templated":true}]}}