{"id":41,"date":"2014-05-28T19:09:39","date_gmt":"2014-05-28T17:09:39","guid":{"rendered":"https:\/\/konair.aero\/?page_id=41"},"modified":"2023-06-21T17:13:24","modified_gmt":"2023-06-21T15:13:24","slug":"erlebnisse","status":"publish","type":"page","link":"https:\/\/konair.aero\/?page_id=41","title":{"rendered":"Erlebnisse"},"content":{"rendered":"<p>Die KONAIR bietet Ihnen atemberaubende Panoramafl\u00fcge um den Bodensee und in die Alpen, attraktive Ballonfahrten oder einfach einen erfrischenden Flug zum Geburts- oder Hochzeitstag.<\/p>\n<p>Immer ideal auch als besonders exklusives Geschenk f\u00fcr befl\u00fcgelnde Eindr\u00fccke und unvergessliche Erlebnisse.<br \/>\nGutscheine sowie unser gesamtes Angebot k\u00f6nnen direkt im <a href=\"https:\/\/konair.aero\/online-shop\/\"><strong>Online-Shop<\/strong><\/a> bestellt werden. Wir nehmen nach der Buchung gerne Kontakt mit Ihnen auf.<br \/>\n&nbsp;<a title=\"Kontakt\" href=\"https:\/\/konair.aero\/kontakt\/\">Kontaktieren Sie uns<\/a> f\u00fcr ausf\u00fchrliche Informationen!<\/p>\n<h2>Pilot vom Tag<\/h2>\n<p>Gesamtdauer 90 Minuten, davon 30 Minuten Theorie und 60 Minuten Flug mit Fluglehrer.<\/p>\n<table width=\"80%\">\n<tbody>\n<tr>\n<th align=\"left\" width=\"40%\">Flugzeug<\/th>\n<th align=\"left\" width=\"30%\">Pl\u00e4tze<\/th>\n<th align=\"right\" width=\"30%\">\n<div align=\"right\">Preise in Euro<\/div>\n<\/th>\n<\/tr>\n<tr>\n<td> Piper<\/td>\n<td>plus ein zus\u00e4tzlicher Passagier m\u00f6glich (max. 3 Personen inkl. Fluglehrer)<\/td>\n<td div=\"\" align=\"right\">450,00<\/td>\n<\/tr>\n<tr>\n<td> Piper Studentenpreis<\/td>\n<td>plus ein zus\u00e4tzlicher Passagier m\u00f6glich (max. 3 Personen inkl. Fluglehrer)<\/td>\n<td div=\"\" align=\"right\">430,00<\/td>\n<\/tr>\n<tr>\n<td> UL<\/td>\n<td>(max. 2 Personen inkl. Fluglehrer)<\/td>\n<td div=\"\" align=\"right\">320,00<\/td>\n<\/tr>\n<\/tbody>\n<\/table>\n<h2>Rundfl\u00fcge z.B. 1 Stunde<\/h2>\n<table width=\"80%\">\n<tbody>\n<tr>\n<th align=\"left\" width=\"40%\"> Flugzeug<\/th>\n<th align=\"left\" width=\"40%\">Pl\u00e4tze<\/th>\n<th align=\"right\" width=\"30%\">\n<div align=\"right\">Preise in Euro<\/div>\n<\/th>\n<\/tr>\n<tr>\n<td> Piper<\/td>\n<td>3+Pilot<\/td>\n<td div=\"\" align=\"right\">324,00<\/td>\n<\/tr>\n<tr>\n<td> UL<\/td>\n<td>1+Pilot<\/td>\n<td div=\"\" align=\"right\">234,00<\/td>\n<\/tr>\n<\/tbody>\n<\/table>\n<h2>Charter<\/h2>\n<table width=\"80%\">\n<tbody>\n<tr>\n<th align=\"left\" width=\"40%\"> Flugzeug<\/th>\n<th align=\"left\" width=\"40%\">Art<\/th>\n<th align=\"right\" width=\"30%\">\n<div align=\"right\">Preise in Euro<\/div>\n<\/th>\n<\/tr>\n<tr>\n<td> Piper<\/td>\n<td>Kaution<\/td>\n<td align=\"right\">1500,00<\/td>\n<\/tr>\n<tr>\n<td><\/td>\n<td>Flugstunde nass<\/td>\n<td align=\"right\">232,05<\/td>\n<\/tr>\n<tr>\n<td><\/td>\n<td><\/td>\n<td><\/td>\n<\/tr>\n<tr>\n<td> UL SC07<\/td>\n<td>Kaution<\/td>\n<td div=\"\" align=\"right\">1500,00<\/td>\n<\/tr>\n<tr>\n<td><\/td>\n<td>min. Kontostand<\/td>\n<td div=\"\" align=\"right\">500,00<\/td>\n<\/tr>\n<tr>\n<td><\/td>\n<td>Flugstunde nass basiert \u00adauf MOGAS)<\/td>\n<td div=\"\" align=\"right\">178,50<\/td>\n<\/tr>\n<tr>\n<td><\/td>\n<td><\/td>\n<td><\/td>\n<\/tr>\n<tr>\n<td> UL C42B<\/td>\n<td>Kaution<\/td>\n<td div=\"\" align=\"right\">1500,00<\/td>\n<\/tr>\n<tr>\n<td><\/td>\n<td>min. Kontostand<\/td>\n<td div=\"\" align=\"right\">500,00<\/td>\n<\/tr>\n<tr>\n<td><\/td>\n<td>Flugstunde nass basiert \u00adauf MOGAS)<\/td>\n<td div=\"\" align=\"right\">142,80<\/td>\n<\/tr>\n<tr>\n<td><\/td>\n<td><\/td>\n<td><\/td>\n<\/tr>\n<\/tbody>\n<\/table>\n<p>&nbsp;<\/p>\n<p>&nbsp;<\/p>\n<div id=\"envira-gallery-wrap-66\" class=\"envira-gallery-wrap envira-gallery-theme-base envira-lightbox-theme-base\" itemscope itemtype=\"https:\/\/schema.org\/ImageGallery\"><div data-row-height=\"\" data-gallery-theme=\"\" id=\"envira-gallery-66\" class=\"envira-gallery-public  envira-gallery-2-columns envira-clear enviratope envira-gallery-css-animations\" data-envira-columns=\"2\"><div id=\"envira-gallery-item-84\" class=\"envira-gallery-item enviratope-item envira-gallery-item-1\" style=\"padding-left: 5px; padding-bottom: 10px; padding-right: 5px;\"  itemscope itemtype=\"https:\/\/schema.org\/ImageObject\"><div class=\"envira-gallery-item-inner\"><div class=\"envira-gallery-position-overlay  envira-gallery-top-left\"><\/div><div class=\"envira-gallery-position-overlay  envira-gallery-top-right\"><\/div><div class=\"envira-gallery-position-overlay  envira-gallery-bottom-left\"><\/div><div class=\"envira-gallery-position-overlay  envira-gallery-bottom-right\"><\/div><a href=\"https:\/\/konair.aero\/wp-content\/uploads\/2014\/06\/ruine.jpg\" class=\"envira-gallery-66 envira-gallery-link\" rel=\"enviragallery66\" title=\"Ruine\" data-envira-caption=\"Ruine\" data-envira-retina=\"\" data-thumbnail=\"\"  itemprop=\"contentUrl\"><div class=\"envira-lazy\" data-test-width=\"960\" data-test-height=\"300\" style=\"padding-bottom:31.25%;\"><img decoding=\"async\" id=\"envira-gallery-image-84\" class=\"envira-gallery-image envira-gallery-image-1\" data-envira-index=\"1\" src=\"https:\/\/konair.aero\/wp-content\/uploads\/2014\/06\/ruine-960x300.jpg\" data-envira-src=\"https:\/\/konair.aero\/wp-content\/uploads\/2014\/06\/ruine-960x300.jpg\" data-envira-gallery-id=\"66\" data-envira-item-id=\"84\" data-envira-caption=\"Ruine\" alt=\"\" title=\"Ruine\"  itemprop=\"thumbnailUrl\" data-envira-srcset=\"https:\/\/konair.aero\/wp-content\/uploads\/2014\/06\/ruine-960x300.jpg 400w,https:\/\/konair.aero\/wp-content\/uploads\/2014\/06\/ruine-960x300.jpg 2x\" srcset=\"data:image\/gif;base64,R0lGODlhAQABAIAAAP\/\/\/\/\/\/\/yH5BAEKAAEALAAAAAABAAEAAAICTAEAOw==\" \/><\/div><\/a><\/div><\/div><div id=\"envira-gallery-item-79\" class=\"envira-gallery-item enviratope-item envira-gallery-item-2\" style=\"padding-left: 5px; padding-bottom: 10px; padding-right: 5px;\"  itemscope itemtype=\"https:\/\/schema.org\/ImageObject\"><div class=\"envira-gallery-item-inner\"><div class=\"envira-gallery-position-overlay  envira-gallery-top-left\"><\/div><div class=\"envira-gallery-position-overlay  envira-gallery-top-right\"><\/div><div class=\"envira-gallery-position-overlay  envira-gallery-bottom-left\"><\/div><div class=\"envira-gallery-position-overlay  envira-gallery-bottom-right\"><\/div><a href=\"https:\/\/konair.aero\/wp-content\/uploads\/2014\/06\/alpensee.jpg\" class=\"envira-gallery-66 envira-gallery-link\" rel=\"enviragallery66\" title=\"Alpensee\" data-envira-caption=\"Alpensee\" data-envira-retina=\"\" data-thumbnail=\"\"  itemprop=\"contentUrl\"><div class=\"envira-lazy\" data-test-width=\"960\" data-test-height=\"300\" style=\"padding-bottom:31.25%;\"><img decoding=\"async\" id=\"envira-gallery-image-79\" class=\"envira-gallery-image envira-gallery-image-2\" data-envira-index=\"2\" src=\"https:\/\/konair.aero\/wp-content\/uploads\/2014\/06\/alpensee-960x300.jpg\" data-envira-src=\"https:\/\/konair.aero\/wp-content\/uploads\/2014\/06\/alpensee-960x300.jpg\" data-envira-gallery-id=\"66\" data-envira-item-id=\"79\" data-envira-caption=\"Alpensee\" alt=\"\" title=\"Alpensee\"  itemprop=\"thumbnailUrl\" data-envira-srcset=\"https:\/\/konair.aero\/wp-content\/uploads\/2014\/06\/alpensee-960x300.jpg 400w,https:\/\/konair.aero\/wp-content\/uploads\/2014\/06\/alpensee-960x300.jpg 2x\" srcset=\"data:image\/gif;base64,R0lGODlhAQABAIAAAP\/\/\/\/\/\/\/yH5BAEKAAEALAAAAAABAAEAAAICTAEAOw==\" \/><\/div><\/a><\/div><\/div><div id=\"envira-gallery-item-82\" class=\"envira-gallery-item enviratope-item envira-gallery-item-3\" style=\"padding-left: 5px; padding-bottom: 10px; padding-right: 5px;\"  itemscope itemtype=\"https:\/\/schema.org\/ImageObject\"><div class=\"envira-gallery-item-inner\"><div class=\"envira-gallery-position-overlay  envira-gallery-top-left\"><\/div><div class=\"envira-gallery-position-overlay  envira-gallery-top-right\"><\/div><div class=\"envira-gallery-position-overlay  envira-gallery-bottom-left\"><\/div><div class=\"envira-gallery-position-overlay  envira-gallery-bottom-right\"><\/div><a href=\"https:\/\/konair.aero\/wp-content\/uploads\/2014\/06\/mainau.jpg\" class=\"envira-gallery-66 envira-gallery-link\" rel=\"enviragallery66\" title=\"Mainau\" data-envira-caption=\"Mainau\" data-envira-retina=\"\" data-thumbnail=\"\"  itemprop=\"contentUrl\"><div class=\"envira-lazy\" data-test-width=\"960\" data-test-height=\"300\" style=\"padding-bottom:31.25%;\"><img decoding=\"async\" id=\"envira-gallery-image-82\" class=\"envira-gallery-image envira-gallery-image-3\" data-envira-index=\"3\" src=\"https:\/\/konair.aero\/wp-content\/uploads\/2014\/06\/mainau-960x300.jpg\" data-envira-src=\"https:\/\/konair.aero\/wp-content\/uploads\/2014\/06\/mainau-960x300.jpg\" data-envira-gallery-id=\"66\" data-envira-item-id=\"82\" data-envira-caption=\"Mainau\" alt=\"\" title=\"Mainau\"  itemprop=\"thumbnailUrl\" data-envira-srcset=\"https:\/\/konair.aero\/wp-content\/uploads\/2014\/06\/mainau-960x300.jpg 400w,https:\/\/konair.aero\/wp-content\/uploads\/2014\/06\/mainau-960x300.jpg 2x\" srcset=\"data:image\/gif;base64,R0lGODlhAQABAIAAAP\/\/\/\/\/\/\/yH5BAEKAAEALAAAAAABAAEAAAICTAEAOw==\" \/><\/div><\/a><\/div><\/div><div id=\"envira-gallery-item-78\" class=\"envira-gallery-item enviratope-item envira-gallery-item-4\" style=\"padding-left: 5px; padding-bottom: 10px; padding-right: 5px;\"  itemscope itemtype=\"https:\/\/schema.org\/ImageObject\"><div class=\"envira-gallery-item-inner\"><div class=\"envira-gallery-position-overlay  envira-gallery-top-left\"><\/div><div class=\"envira-gallery-position-overlay  envira-gallery-top-right\"><\/div><div class=\"envira-gallery-position-overlay  envira-gallery-bottom-left\"><\/div><div class=\"envira-gallery-position-overlay  envira-gallery-bottom-right\"><\/div><a href=\"https:\/\/konair.aero\/wp-content\/uploads\/2014\/06\/alpenpanorama.jpg\" class=\"envira-gallery-66 envira-gallery-link\" rel=\"enviragallery66\" title=\"Alpenpanorama\" data-envira-caption=\"Alpenpanorama\" data-envira-retina=\"\" data-thumbnail=\"\"  itemprop=\"contentUrl\"><div class=\"envira-lazy\" data-test-width=\"960\" data-test-height=\"300\" style=\"padding-bottom:31.25%;\"><img decoding=\"async\" id=\"envira-gallery-image-78\" class=\"envira-gallery-image envira-gallery-image-4\" data-envira-index=\"4\" src=\"https:\/\/konair.aero\/wp-content\/uploads\/2014\/06\/alpenpanorama-960x300.jpg\" data-envira-src=\"https:\/\/konair.aero\/wp-content\/uploads\/2014\/06\/alpenpanorama-960x300.jpg\" data-envira-gallery-id=\"66\" data-envira-item-id=\"78\" data-envira-caption=\"Alpenpanorama\" alt=\"\" title=\"Alpenpanorama\"  itemprop=\"thumbnailUrl\" data-envira-srcset=\"https:\/\/konair.aero\/wp-content\/uploads\/2014\/06\/alpenpanorama-960x300.jpg 400w,https:\/\/konair.aero\/wp-content\/uploads\/2014\/06\/alpenpanorama-960x300.jpg 2x\" srcset=\"data:image\/gif;base64,R0lGODlhAQABAIAAAP\/\/\/\/\/\/\/yH5BAEKAAEALAAAAAABAAEAAAICTAEAOw==\" \/><\/div><\/a><\/div><\/div><div id=\"envira-gallery-item-81\" class=\"envira-gallery-item enviratope-item envira-gallery-item-5\" style=\"padding-left: 5px; padding-bottom: 10px; padding-right: 5px;\"  itemscope itemtype=\"https:\/\/schema.org\/ImageObject\"><div class=\"envira-gallery-item-inner\"><div class=\"envira-gallery-position-overlay  envira-gallery-top-left\"><\/div><div class=\"envira-gallery-position-overlay  envira-gallery-top-right\"><\/div><div class=\"envira-gallery-position-overlay  envira-gallery-bottom-left\"><\/div><div class=\"envira-gallery-position-overlay  envira-gallery-bottom-right\"><\/div><a href=\"https:\/\/konair.aero\/wp-content\/uploads\/2014\/06\/gletscher.jpg\" class=\"envira-gallery-66 envira-gallery-link\" rel=\"enviragallery66\" title=\"Gletscher\" data-envira-caption=\"Gletscher\" data-envira-retina=\"\" data-thumbnail=\"\"  itemprop=\"contentUrl\"><div class=\"envira-lazy\" data-test-width=\"960\" data-test-height=\"300\" style=\"padding-bottom:31.25%;\"><img decoding=\"async\" id=\"envira-gallery-image-81\" class=\"envira-gallery-image envira-gallery-image-5\" data-envira-index=\"5\" src=\"https:\/\/konair.aero\/wp-content\/uploads\/2014\/06\/gletscher-960x300.jpg\" data-envira-src=\"https:\/\/konair.aero\/wp-content\/uploads\/2014\/06\/gletscher-960x300.jpg\" data-envira-gallery-id=\"66\" data-envira-item-id=\"81\" data-envira-caption=\"Gletscher\" alt=\"\" title=\"Gletscher\"  itemprop=\"thumbnailUrl\" data-envira-srcset=\"https:\/\/konair.aero\/wp-content\/uploads\/2014\/06\/gletscher-960x300.jpg 400w,https:\/\/konair.aero\/wp-content\/uploads\/2014\/06\/gletscher-960x300.jpg 2x\" srcset=\"data:image\/gif;base64,R0lGODlhAQABAIAAAP\/\/\/\/\/\/\/yH5BAEKAAEALAAAAAABAAEAAAICTAEAOw==\" \/><\/div><\/a><\/div><\/div><div id=\"envira-gallery-item-85\" class=\"envira-gallery-item enviratope-item envira-gallery-item-6\" style=\"padding-left: 5px; padding-bottom: 10px; padding-right: 5px;\"  itemscope itemtype=\"https:\/\/schema.org\/ImageObject\"><div class=\"envira-gallery-item-inner\"><div class=\"envira-gallery-position-overlay  envira-gallery-top-left\"><\/div><div class=\"envira-gallery-position-overlay  envira-gallery-top-right\"><\/div><div class=\"envira-gallery-position-overlay  envira-gallery-bottom-left\"><\/div><div class=\"envira-gallery-position-overlay  envira-gallery-bottom-right\"><\/div><a href=\"https:\/\/konair.aero\/wp-content\/uploads\/2014\/06\/wolkenschleier.jpg\" class=\"envira-gallery-66 envira-gallery-link\" rel=\"enviragallery66\" title=\"Wolkenschleier\" data-envira-caption=\"Wolkenschleier\" data-envira-retina=\"\" data-thumbnail=\"\"  itemprop=\"contentUrl\"><div class=\"envira-lazy\" data-test-width=\"960\" data-test-height=\"300\" style=\"padding-bottom:31.25%;\"><img decoding=\"async\" id=\"envira-gallery-image-85\" class=\"envira-gallery-image envira-gallery-image-6\" data-envira-index=\"6\" src=\"https:\/\/konair.aero\/wp-content\/uploads\/2014\/06\/wolkenschleier-960x300.jpg\" data-envira-src=\"https:\/\/konair.aero\/wp-content\/uploads\/2014\/06\/wolkenschleier-960x300.jpg\" data-envira-gallery-id=\"66\" data-envira-item-id=\"85\" data-envira-caption=\"Wolkenschleier\" alt=\"\" title=\"Wolkenschleier\"  itemprop=\"thumbnailUrl\" data-envira-srcset=\"https:\/\/konair.aero\/wp-content\/uploads\/2014\/06\/wolkenschleier-960x300.jpg 400w,https:\/\/konair.aero\/wp-content\/uploads\/2014\/06\/wolkenschleier-960x300.jpg 2x\" srcset=\"data:image\/gif;base64,R0lGODlhAQABAIAAAP\/\/\/\/\/\/\/yH5BAEKAAEALAAAAAABAAEAAAICTAEAOw==\" \/><\/div><\/a><\/div><\/div><\/div><\/div><noscript><img decoding=\"async\" src=\"https:\/\/konair.aero\/wp-content\/uploads\/2014\/06\/ruine.jpg\" alt=\"\" \/><img decoding=\"async\" src=\"https:\/\/konair.aero\/wp-content\/uploads\/2014\/06\/alpensee.jpg\" alt=\"\" \/><img decoding=\"async\" src=\"https:\/\/konair.aero\/wp-content\/uploads\/2014\/06\/mainau.jpg\" alt=\"\" \/><img decoding=\"async\" src=\"https:\/\/konair.aero\/wp-content\/uploads\/2014\/06\/alpenpanorama.jpg\" alt=\"\" \/><img decoding=\"async\" src=\"https:\/\/konair.aero\/wp-content\/uploads\/2014\/06\/gletscher.jpg\" alt=\"\" \/><img decoding=\"async\" src=\"https:\/\/konair.aero\/wp-content\/uploads\/2014\/06\/wolkenschleier.jpg\" alt=\"\" \/><\/noscript>\n","protected":false},"excerpt":{"rendered":"<p>Die KONAIR bietet Ihnen atemberaubende Panoramafl\u00fcge um den Bodensee und in die Alpen, attraktive Ballonfahrten oder einfach einen erfrischenden Flug zum Geburts- oder Hochzeitstag. Immer ideal auch als besonders exklusives Geschenk f\u00fcr befl\u00fcgelnde Eindr\u00fccke und unvergessliche Erlebnisse. Gutscheine sowie unser gesamtes Angebot k\u00f6nnen direkt im Online-Shop bestellt werden. Wir nehmen nach der Buchung gerne Kontakt [&hellip;]<\/p>\n","protected":false},"author":1,"featured_media":0,"parent":0,"menu_order":0,"comment_status":"closed","ping_status":"closed","template":"","meta":{"_monsterinsights_skip_tracking":false,"_monsterinsights_sitenote_active":false,"_monsterinsights_sitenote_note":"","_monsterinsights_sitenote_category":0,"footnotes":""},"class_list":["post-41","page","type-page","status-publish","hentry"],"_links":{"self":[{"href":"https:\/\/konair.aero\/index.php?rest_route=\/wp\/v2\/pages\/41","targetHints":{"allow":["GET"]}}],"collection":[{"href":"https:\/\/konair.aero\/index.php?rest_route=\/wp\/v2\/pages"}],"about":[{"href":"https:\/\/konair.aero\/index.php?rest_route=\/wp\/v2\/types\/page"}],"author":[{"embeddable":true,"href":"https:\/\/konair.aero\/index.php?rest_route=\/wp\/v2\/users\/1"}],"replies":[{"embeddable":true,"href":"https:\/\/konair.aero\/index.php?rest_route=%2Fwp%2Fv2%2Fcomments&post=41"}],"version-history":[{"count":23,"href":"https:\/\/konair.aero\/index.php?rest_route=\/wp\/v2\/pages\/41\/revisions"}],"predecessor-version":[{"id":842,"href":"https:\/\/konair.aero\/index.php?rest_route=\/wp\/v2\/pages\/41\/revisions\/842"}],"wp:attachment":[{"href":"https:\/\/konair.aero\/index.php?rest_route=%2Fwp%2Fv2%2Fmedia&parent=41"}],"curies":[{"name":"wp","href":"https:\/\/api.w.org\/{rel}","templated":true}]}}