{"id":490,"date":"2016-06-09T14:18:59","date_gmt":"2016-06-09T12:18:59","guid":{"rendered":"https:\/\/konair.aero\/?page_id=490"},"modified":"2016-06-09T14:19:16","modified_gmt":"2016-06-09T12:19:16","slug":"jobs","status":"publish","type":"page","link":"https:\/\/konair.aero\/?page_id=490","title":{"rendered":"Jobs"},"content":{"rendered":"<p>Zur Verst\u00e4rkung unseres Teams suchen wir per sofort erfahrende Fluglehrer f\u00fcr\u00a0ECO und oder UL. F\u00fcr weitere Informationen steht Ihnen Adrian Held zur Verf\u00fcgung.<\/p>\n<p><strong>Kontakt:<\/strong><\/p>\n<p>Adrian Held<br \/>\n+41 79 420 20 20<\/p>\n<p>&nbsp;<\/p>\n<p>Wir freuen uns von Ihnen zu h\u00f6ren.<br \/>\nTeam Konair<\/p>\n","protected":false},"excerpt":{"rendered":"<p>Zur Verst\u00e4rkung unseres Teams suchen wir per sofort erfahrende Fluglehrer f\u00fcr\u00a0ECO und oder UL. F\u00fcr weitere Informationen steht Ihnen Adrian Held zur Verf\u00fcgung. Kontakt: Adrian Held +41 79 420 20 20 &nbsp; Wir freuen uns von Ihnen zu h\u00f6ren. Team Konair<\/p>\n","protected":false},"author":1,"featured_media":0,"parent":0,"menu_order":0,"comment_status":"closed","ping_status":"closed","template":"","meta":{"_monsterinsights_skip_tracking":false,"_monsterinsights_sitenote_active":false,"_monsterinsights_sitenote_note":"","_monsterinsights_sitenote_category":0,"footnotes":""},"class_list":["post-490","page","type-page","status-publish","hentry"],"_links":{"self":[{"href":"https:\/\/konair.aero\/index.php?rest_route=\/wp\/v2\/pages\/490","targetHints":{"allow":["GET"]}}],"collection":[{"href":"https:\/\/konair.aero\/index.php?rest_route=\/wp\/v2\/pages"}],"about":[{"href":"https:\/\/konair.aero\/index.php?rest_route=\/wp\/v2\/types\/page"}],"author":[{"embeddable":true,"href":"https:\/\/konair.aero\/index.php?rest_route=\/wp\/v2\/users\/1"}],"replies":[{"embeddable":true,"href":"https:\/\/konair.aero\/index.php?rest_route=%2Fwp%2Fv2%2Fcomments&post=490"}],"version-history":[{"count":2,"href":"https:\/\/konair.aero\/index.php?rest_route=\/wp\/v2\/pages\/490\/revisions"}],"predecessor-version":[{"id":492,"href":"https:\/\/konair.aero\/index.php?rest_route=\/wp\/v2\/pages\/490\/revisions\/492"}],"wp:attachment":[{"href":"https:\/\/konair.aero\/index.php?rest_route=%2Fwp%2Fv2%2Fmedia&parent=490"}],"curies":[{"name":"wp","href":"https:\/\/api.w.org\/{rel}","templated":true}]}}